{"id":41,"date":"2024-02-26T12:30:10","date_gmt":"2024-02-26T12:30:10","guid":{"rendered":"https:\/\/sandursl.com\/?page_id=41"},"modified":"2024-05-03T08:43:00","modified_gmt":"2024-05-03T08:43:00","slug":"la-empresa","status":"publish","type":"page","link":"https:\/\/sandursl.com\/en\/la-empresa","title":{"rendered":"About us"},"content":{"rendered":"<div data-elementor-type=\"wp-post\" data-elementor-id=\"41\" class=\"elementor elementor-41\" data-elementor-post-type=\"page\">\n\t\t\t\t<div class=\"elementor-element elementor-element-4405bdc e-flex e-con-boxed e-con e-parent\" data-id=\"4405bdc\" data-element_type=\"container\" data-settings=\"{&quot;background_background&quot;:&quot;classic&quot;,&quot;content_width&quot;:&quot;boxed&quot;}\" data-core-v316-plus=\"true\">\n\t\t\t\t\t<div class=\"e-con-inner\">\n\t\t\t\t<div class=\"elementor-element elementor-element-03238dd elementor-widget__width-inherit elementor-widget elementor-widget-heading\" data-id=\"03238dd\" data-element_type=\"widget\" data-widget_type=\"heading.default\">\n\t\t\t\t<div class=\"elementor-widget-container\">\n\t\t\t<style>\/*! elementor - v3.19.0 - 07-02-2024 *\/\n.elementor-heading-title{padding:0;margin:0;line-height:1}.elementor-widget-heading .elementor-heading-title[class*=elementor-size-]>a{color:inherit;font-size:inherit;line-height:inherit}.elementor-widget-heading .elementor-heading-title.elementor-size-small{font-size:15px}.elementor-widget-heading .elementor-heading-title.elementor-size-medium{font-size:19px}.elementor-widget-heading .elementor-heading-title.elementor-size-large{font-size:29px}.elementor-widget-heading .elementor-heading-title.elementor-size-xl{font-size:39px}.elementor-widget-heading .elementor-heading-title.elementor-size-xxl{font-size:59px}<\/style><h2 class=\"elementor-heading-title elementor-size-default\">About us<\/h2>\t\t<\/div>\n\t\t\t\t<\/div>\n\t\t\t\t\t<\/div>\n\t\t\t\t<\/div>\n\t\t<div class=\"elementor-element elementor-element-5cb6f7d e-flex e-con-boxed e-con e-parent\" data-id=\"5cb6f7d\" data-element_type=\"container\" data-settings=\"{&quot;content_width&quot;:&quot;boxed&quot;}\" data-core-v316-plus=\"true\">\n\t\t\t\t\t<div class=\"e-con-inner\">\n\t\t\t\t<div class=\"elementor-element elementor-element-fb91bc2 elementor-widget elementor-widget-text-editor\" data-id=\"fb91bc2\" data-element_type=\"widget\" data-widget_type=\"text-editor.default\">\n\t\t\t\t<div class=\"elementor-widget-container\">\n\t\t\t<style>\/*! elementor - v3.19.0 - 07-02-2024 *\/\n.elementor-widget-text-editor.elementor-drop-cap-view-stacked .elementor-drop-cap{background-color:#69727d;color:#fff}.elementor-widget-text-editor.elementor-drop-cap-view-framed .elementor-drop-cap{color:#69727d;border:3px solid;background-color:transparent}.elementor-widget-text-editor:not(.elementor-drop-cap-view-default) .elementor-drop-cap{margin-top:8px}.elementor-widget-text-editor:not(.elementor-drop-cap-view-default) .elementor-drop-cap-letter{width:1em;height:1em}.elementor-widget-text-editor .elementor-drop-cap{float:left;text-align:center;line-height:1;font-size:50px}.elementor-widget-text-editor .elementor-drop-cap-letter{display:inline-block}<\/style>\t\t\t\t<p>Explotaciones Tur\u00edsticas Sandur is a family business with more than 40 years of experience in the Lanzarote tourism sector, which over the years has specialized in hospitality and the development, investment and management of owned real estate assets, with special emphasis in the tourism sector. <strong>m\u00e1s de 40 a\u00f1os de trayectoria en el sector tur\u00edstico de Lanzarote<\/strong>, que a lo largo de los a\u00f1os se ha especializado en la hosteler\u00eda y el desarrollo, inversi\u00f3n y gesti\u00f3n de activos inmobiliarios en propiedad, con especial \u00e9nfasis en el sector tur\u00edstico.<\/p><p>We currently focus on three business sectors, offering our clients vacation homes, long-term homes and commercial premises for rent. For this we have homes in tourist and residential areas and strategically located premises. <strong>ofreciendo a nuestros clientes viviendas vacacionales, viviendas de larga estancia y locales comerciales en alquiler<\/strong>, para ello contamos con viviendas en zonas tur\u00edsticas y residenciales y locales estrat\u00e9gicamente ubicados.<\/p>\t\t\t\t\t\t<\/div>\n\t\t\t\t<\/div>\n\t\t\t\t\t<\/div>\n\t\t\t\t<\/div>\n\t\t<div class=\"elementor-element elementor-element-130aeff e-flex e-con-boxed e-con e-parent\" data-id=\"130aeff\" data-element_type=\"container\" data-settings=\"{&quot;content_width&quot;:&quot;boxed&quot;}\" data-core-v316-plus=\"true\">\n\t\t\t\t\t<div class=\"e-con-inner\">\n\t\t<div class=\"elementor-element elementor-element-5316c4c e-con-full e-flex e-con e-child\" data-id=\"5316c4c\" data-element_type=\"container\" data-settings=\"{&quot;content_width&quot;:&quot;full&quot;}\">\n\t\t\t\t<div class=\"elementor-element elementor-element-d04f4d8 elementor-widget elementor-widget-image\" data-id=\"d04f4d8\" data-element_type=\"widget\" data-widget_type=\"image.default\">\n\t\t\t\t<div class=\"elementor-widget-container\">\n\t\t\t<style>\/*! elementor - v3.19.0 - 07-02-2024 *\/\n.elementor-widget-image{text-align:center}.elementor-widget-image a{display:inline-block}.elementor-widget-image a img[src$=\".svg\"]{width:48px}.elementor-widget-image img{vertical-align:middle;display:inline-block}<\/style>\t\t\t\t\t\t\t\t\t\t<img fetchpriority=\"high\" decoding=\"async\" width=\"800\" height=\"534\" src=\"https:\/\/sandursl.com\/wp-content\/uploads\/2024\/03\/8-1-1024x683.jpg\" class=\"attachment-large size-large wp-image-432\" alt=\"\" srcset=\"https:\/\/sandursl.com\/wp-content\/uploads\/2024\/03\/8-1-1024x683.jpg 1024w, https:\/\/sandursl.com\/wp-content\/uploads\/2024\/03\/8-1-600x400.jpg 600w, https:\/\/sandursl.com\/wp-content\/uploads\/2024\/03\/8-1-300x200.jpg 300w, https:\/\/sandursl.com\/wp-content\/uploads\/2024\/03\/8-1-768x512.jpg 768w, https:\/\/sandursl.com\/wp-content\/uploads\/2024\/03\/8-1-1536x1024.jpg 1536w, https:\/\/sandursl.com\/wp-content\/uploads\/2024\/03\/8-1.jpg 1600w\" sizes=\"(max-width: 800px) 100vw, 800px\" \/>\t\t\t\t\t\t\t\t\t\t\t\t\t<\/div>\n\t\t\t\t<\/div>\n\t\t\t\t<\/div>\n\t\t<div class=\"elementor-element elementor-element-cb86171 e-con-full e-flex e-con e-child\" data-id=\"cb86171\" data-element_type=\"container\" data-settings=\"{&quot;content_width&quot;:&quot;full&quot;}\">\n\t\t\t\t<div class=\"elementor-element elementor-element-a5bb61c elementor-widget elementor-widget-text-editor\" data-id=\"a5bb61c\" data-element_type=\"widget\" data-widget_type=\"text-editor.default\">\n\t\t\t\t<div class=\"elementor-widget-container\">\n\t\t\t\t\t\t\t<p>Our goal is to improve our environment and modernize our properties, achieving sustained and sustainable growth, providing our clients with the best spaces for their leisure, residence or investments. To achieve this, we continually expand our portfolio of properties through our own investments or collaboration with other companies and\/or associates.<\/p><p>From our website you can see the availability of properties, as well as link to the reservation pages of our vacation homes. We encourage you to browse it and contact us through the form on the contact page if you need more information. <span style=\"color: #000000;\"><a style=\"color: #000000;\" href=\"https:\/\/sandursl.com\/en\/contacto\/\">p\u00e1gina de contacto<\/a><\/span> si necesitan mas informaci\u00f3n.<\/p>\t\t\t\t\t\t<\/div>\n\t\t\t\t<\/div>\n\t\t\t\t<div class=\"elementor-element elementor-element-5034f3b elementor-align-left elementor-widget elementor-widget-button\" data-id=\"5034f3b\" data-element_type=\"widget\" data-widget_type=\"button.default\">\n\t\t\t\t<div class=\"elementor-widget-container\">\n\t\t\t\t\t<div class=\"elementor-button-wrapper\">\n\t\t\t<a class=\"elementor-button elementor-button-link elementor-size-lg\" href=\"https:\/\/sandursl.com\/en\/propiedades\/\">\n\t\t\t\t\t\t<span class=\"elementor-button-content-wrapper\">\n\t\t\t\t\t\t<span class=\"elementor-button-text\">Discover our properties<\/span>\n\t\t<\/span>\n\t\t\t\t\t<\/a>\n\t\t<\/div>\n\t\t\t\t<\/div>\n\t\t\t\t<\/div>\n\t\t\t\t<\/div>\n\t\t\t\t\t<\/div>\n\t\t\t\t<\/div>\n\t\t\t\t<\/div>","protected":false},"excerpt":{"rendered":"<p>La empresa Explotaciones Tur\u00edsticas Sandur es una empresa familiar con m\u00e1s de 40 a\u00f1os de trayectoria en el sector tur\u00edstico de Lanzarote, que a lo largo de los a\u00f1os se ha especializado en la hosteler\u00eda y el desarrollo, inversi\u00f3n y gesti\u00f3n de activos inmobiliarios en propiedad, con especial \u00e9nfasis en el sector tur\u00edstico. Actualmente nos [&hellip;]<\/p>","protected":false},"author":1,"featured_media":0,"parent":0,"menu_order":0,"comment_status":"closed","ping_status":"closed","template":"","meta":{"footnotes":""},"_links":{"self":[{"href":"https:\/\/sandursl.com\/en\/wp-json\/wp\/v2\/pages\/41"}],"collection":[{"href":"https:\/\/sandursl.com\/en\/wp-json\/wp\/v2\/pages"}],"about":[{"href":"https:\/\/sandursl.com\/en\/wp-json\/wp\/v2\/types\/page"}],"author":[{"embeddable":true,"href":"https:\/\/sandursl.com\/en\/wp-json\/wp\/v2\/users\/1"}],"replies":[{"embeddable":true,"href":"https:\/\/sandursl.com\/en\/wp-json\/wp\/v2\/comments?post=41"}],"version-history":[{"count":53,"href":"https:\/\/sandursl.com\/en\/wp-json\/wp\/v2\/pages\/41\/revisions"}],"predecessor-version":[{"id":826,"href":"https:\/\/sandursl.com\/en\/wp-json\/wp\/v2\/pages\/41\/revisions\/826"}],"wp:attachment":[{"href":"https:\/\/sandursl.com\/en\/wp-json\/wp\/v2\/media?parent=41"}],"curies":[{"name":"wp","href":"https:\/\/api.w.org\/{rel}","templated":true}]}}